{"id":692,"date":"2022-04-15T10:43:30","date_gmt":"2022-04-15T10:43:30","guid":{"rendered":"https:\/\/dekuilhedging.nl\/assortiment\/"},"modified":"2022-11-09T09:54:25","modified_gmt":"2022-11-09T09:54:25","slug":"sortiment","status":"publish","type":"page","link":"https:\/\/dekuilhedging.nl\/de\/sortiment\/","title":{"rendered":"Sortiment"},"content":{"rendered":"\n\t<section class=\"section\" id=\"section_717409125\">\n\t\t<div class=\"section-bg fill\" >\n\t\t\t<img loading=\"lazy\" decoding=\"async\" width=\"1920\" height=\"1275\" src=\"https:\/\/dekuilhedging.nl\/wp-content\/uploads\/2022\/09\/DSC2576-bew.jpg\" class=\"bg attachment-original size-original\" alt=\"\" \/>\t\t\t\t\t\t<div class=\"section-bg-overlay absolute fill\"><\/div>\n\t\t\t\n\n\t\t<\/div>\n\n\t\t\n\n\t\t<div class=\"section-content relative\">\n\t\t\t\n\t<div id=\"text-151480430\" class=\"text\">\n\t\t\n<h1>Sortiment<\/h1>\n\t\t\n<style>\n#text-151480430 {\n  font-size: 2rem;\n  text-align: center;\n  color: rgb(255, 255, 255);\n}\n#text-151480430 > * {\n  color: rgb(255, 255, 255);\n}\n<\/style>\n\t<\/div>\n\t\n\t\t<\/div>\n\n\t\t\n<style>\n#section_717409125 {\n  padding-top: 30px;\n  padding-bottom: 30px;\n  min-height: 450px;\n}\n#section_717409125 .section-bg-overlay {\n  background-color: rgba(139, 197, 63, 0.5);\n}\n<\/style>\n\t<\/section>\n\t\n\t<div id=\"gap-739491169\" class=\"gap-element clearfix\" style=\"display:block; height:auto;\">\n\t\t\n<style>\n#gap-739491169 {\n  padding-top: 100px;\n}\n<\/style>\n\t<\/div>\n\t\n<div class=\"row align-middle align-center\"  id=\"row-523638676\">\n\n\t<div id=\"col-874306683\" class=\"col medium-6 small-12 large-6\"  >\n\t\t\t\t<div class=\"col-inner text-center\"  >\n\t\t\t\n\t\t\t\n<p>De Kuil Hedging bietet ein umfassendes Sortiment. Wir liefern Str\u00e4ucher mit Wurzelballen, Topfpflanzen, Fertigheckenelemente und Solit\u00e4rpflanzen. Sie k\u00f6nnen aus einem gro\u00dfen Angebot verschiedener Gr\u00f6\u00dfen w\u00e4hlen. Der Einsatz unserer spezialisierten Maschinen sorgt f\u00fcr ein einheitliches Aussehen unsere Pflanzen. Ein Teil unserer Str\u00e4ucher sind ganzj\u00e4hrig verf\u00fcgbar. Gerne stellen wir Ihnen die vielen Vorteile unseres vielf\u00e4ltigen Angebots vor.<\/p>\n\t\t<\/div>\n\t\t\t\t\t<\/div>\n\n\t\n<\/div>\n\n\t<section class=\"section\" id=\"section_106535446\">\n\t\t<div class=\"section-bg fill\" >\n\t\t\t<img decoding=\"async\" src=\"https:\/\/dekuilhedging.nl\/wp-content\/uploads\/2022\/04\/white_and_black_halftone_background-01.svg\" class=\"bg attachment- size-\" alt=\"\" \/>\t\t\t\t\t\t<div class=\"section-bg-overlay absolute fill\"><\/div>\n\t\t\t\n\n\t\t<\/div>\n\n\t\t\n\n\t\t<div class=\"section-content relative\">\n\t\t\t\n\n<div class=\"row align-middle align-center\"  id=\"row-2086829354\">\n\n\n\t<div id=\"col-1382456685\" class=\"col medium-11 small-12 large-5\"  >\n\t\t\t\t<div class=\"col-inner\"  >\n\t\t\t\n\t\t\t\n\n\n  <div class=\"banner has-hover\" id=\"banner-1188010189\">\n          <div class=\"banner-inner fill\">\n        <div class=\"banner-bg fill\" >\n            <img loading=\"lazy\" decoding=\"async\" width=\"1082\" height=\"840\" src=\"https:\/\/dekuilhedging.nl\/wp-content\/uploads\/2022\/09\/Haagplant-kluit.jpg\" class=\"bg attachment-original size-original\" alt=\"\" \/>                        <div class=\"overlay\"><\/div>            \n                    <\/div>\n\t\t\n        <div class=\"banner-layers container\">\n            <a class=\"fill\" href=\"https:\/\/dekuilhedging.nl\/de\/sortiment\/straeucher-mit-wurzelballen\/\"><div class=\"fill banner-link\"><\/div><\/a>            \n\n   <div id=\"text-box-1940108547\" class=\"text-box banner-layer x50 md-x95 lg-x95 y90 md-y50 lg-y50 res-text\">\n                                <div class=\"text-box-content text dark\">\n              \n              <div class=\"text-inner text-left\">\n                  \n\n\t<div id=\"text-3139268287\" class=\"text\">\n\t\t\n\n<p><a href=\"https:\/\/dekuilhedging.nl\/de\/sortiment\/straeucher-mit-wurzelballen\/\"><\/p>\r\n<h2>Str\u00e4ucher mit Wurzelballen<\/h2>\r\n<p><a href=\"https:\/\/dekuilhedging.nl\/de\/sortiment\/straeucher-mit-wurzelballen\/\">Weiterlesen\u00a0 <span data-text-bg=\"success\">&gt;<\/span><\/p>\r\n<p><\/a><\/p>\n\t\t\n<style>\n#text-3139268287 {\n  font-size: 0.75rem;\n  text-align: center;\n}\n@media (min-width:550px) {\n  #text-3139268287 {\n    font-size: 0.9rem;\n    text-align: left;\n  }\n}\n<\/style>\n\t<\/div>\n\t\n\n              <\/div>\n           <\/div>\n                            \n<style>\n#text-box-1940108547 {\n  width: 69%;\n}\n#text-box-1940108547 .text-box-content {\n  font-size: 100%;\n}\n@media (min-width:550px) {\n  #text-box-1940108547 {\n    width: 60%;\n  }\n}\n<\/style>\n    <\/div>\n \n\t<div class=\"img has-hover x50 md-x10 lg-x10 y15 md-y50 lg-y50\" id=\"image_1656618585\">\n\t\t\t\t\t\t\t\t<div class=\"img-inner dark\" >\n\t\t\t<img loading=\"lazy\" decoding=\"async\" width=\"1\" height=\"1\" src=\"https:\/\/dekuilhedging.nl\/wp-content\/uploads\/2022\/05\/2.svg\" class=\"attachment-large size-large\" alt=\"\" \/>\t\t\t\t\t\t\n\t\t\t\t\t<\/div>\n\t\t\t\t\t\t\t\t\n<style>\n#image_1656618585 {\n  width: 19%;\n}\n@media (min-width:550px) {\n  #image_1656618585 {\n    width: 15%;\n  }\n}\n<\/style>\n\t<\/div>\n\t\n\n\n        <\/div>\n      <\/div>\n\n            \n<style>\n#banner-1188010189 {\n  padding-top: 480px;\n  background-color: rgb(255,255,255);\n}\n#banner-1188010189 .overlay {\n  background-color: rgba(139, 197, 63, 0.669);\n}\n#banner-1188010189 .banner-bg img {\n  object-position: 48% 56%;\n}\n@media (min-width:550px) {\n  #banner-1188010189 {\n    padding-top: 420px;\n  }\n}\n<\/style>\n  <\/div>\n\n\n\n\t\t<\/div>\n\t\t\t\t\t<\/div>\n\n\t\n\n\t<div id=\"col-290572561\" class=\"col medium-11 small-12 large-5\"  >\n\t\t\t\t<div class=\"col-inner\"  >\n\t\t\t\n\t\t\t\n\n\n  <div class=\"banner has-hover\" id=\"banner-836501416\">\n          <div class=\"banner-inner fill\">\n        <div class=\"banner-bg fill\" >\n            <img loading=\"lazy\" decoding=\"async\" width=\"1082\" height=\"840\" src=\"https:\/\/dekuilhedging.nl\/wp-content\/uploads\/2022\/09\/Haagplant-pot.jpg\" class=\"bg attachment-original size-original\" alt=\"\" \/>                        <div class=\"overlay\"><\/div>            \n                    <\/div>\n\t\t\n        <div class=\"banner-layers container\">\n            <a class=\"fill\" href=\"https:\/\/dekuilhedging.nl\/de\/sortiment\/topfpflanzen\/\"><div class=\"fill banner-link\"><\/div><\/a>            \n\n   <div id=\"text-box-1673642354\" class=\"text-box banner-layer x50 md-x95 lg-x95 y90 md-y50 lg-y50 res-text\">\n                                <div class=\"text-box-content text dark\">\n              \n              <div class=\"text-inner text-left\">\n                  \n\n\t<div id=\"text-279947450\" class=\"text\">\n\t\t\n\n<p><a href=\"https:\/\/dekuilhedging.nl\/de\/sortiment\/topfpflanzen\/\"><\/p>\r\n<h2>Topfpflanzen<\/h2>\r\n<p>Weiterlesen\u00a0 <span data-text-bg=\"success\">&gt;<\/span><\/p>\r\n<p><\/a><\/p>\n\t\t\n<style>\n#text-279947450 {\n  font-size: 0.75rem;\n  text-align: center;\n}\n@media (min-width:550px) {\n  #text-279947450 {\n    font-size: 0.9rem;\n    text-align: left;\n  }\n}\n<\/style>\n\t<\/div>\n\t\n\n              <\/div>\n           <\/div>\n                            \n<style>\n#text-box-1673642354 {\n  width: 69%;\n}\n#text-box-1673642354 .text-box-content {\n  font-size: 100%;\n}\n@media (min-width:550px) {\n  #text-box-1673642354 {\n    width: 60%;\n  }\n}\n<\/style>\n    <\/div>\n \n\t<div class=\"img has-hover x50 md-x10 lg-x10 y15 md-y20 lg-y20\" id=\"image_1333944167\">\n\t\t\t\t\t\t\t\t<div class=\"img-inner dark\" >\n\t\t\t<img loading=\"lazy\" decoding=\"async\" width=\"1\" height=\"1\" src=\"https:\/\/dekuilhedging.nl\/wp-content\/uploads\/2022\/05\/1.svg\" class=\"attachment-large size-large\" alt=\"\" \/>\t\t\t\t\t\t\n\t\t\t\t\t<\/div>\n\t\t\t\t\t\t\t\t\n<style>\n#image_1333944167 {\n  width: 19%;\n}\n@media (min-width:550px) {\n  #image_1333944167 {\n    width: 15%;\n  }\n}\n<\/style>\n\t<\/div>\n\t\n\n\n        <\/div>\n      <\/div>\n\n            \n<style>\n#banner-836501416 {\n  padding-top: 480px;\n  background-color: rgb(255,255,255);\n}\n#banner-836501416 .overlay {\n  background-color: rgba(139, 197, 63, 0.669);\n}\n#banner-836501416 .banner-bg img {\n  object-position: 48% 56%;\n}\n@media (min-width:550px) {\n  #banner-836501416 {\n    padding-top: 420px;\n  }\n}\n<\/style>\n  <\/div>\n\n\n\n\t\t<\/div>\n\t\t\t\t\t<\/div>\n\n\t\n\n\t<div id=\"col-1317163834\" class=\"col medium-11 small-12 large-5\"  >\n\t\t\t\t<div class=\"col-inner\"  >\n\t\t\t\n\t\t\t\n\n\n  <div class=\"banner has-hover\" id=\"banner-950022476\">\n          <div class=\"banner-inner fill\">\n        <div class=\"banner-bg fill\" >\n            <img loading=\"lazy\" decoding=\"async\" width=\"1082\" height=\"840\" src=\"https:\/\/dekuilhedging.nl\/wp-content\/uploads\/2022\/09\/Kant-en-klaar-haag.jpg\" class=\"bg attachment-original size-original\" alt=\"\" \/>                        <div class=\"overlay\"><\/div>            \n                    <\/div>\n\t\t\n        <div class=\"banner-layers container\">\n            <a class=\"fill\" href=\"https:\/\/dekuilhedging.nl\/de\/sortiment\/fertighecken\/\"><div class=\"fill banner-link\"><\/div><\/a>            \n\n   <div id=\"text-box-478172283\" class=\"text-box banner-layer x50 md-x95 lg-x95 y90 md-y50 lg-y50 res-text\">\n                                <div class=\"text-box-content text dark\">\n              \n              <div class=\"text-inner text-left\">\n                  \n\n\t<div id=\"text-1654856413\" class=\"text\">\n\t\t\n\n<p><a href=\"https:\/\/dekuilhedging.nl\/de\/sortiment\/fertighecken\/\"><\/p>\r\n<h2>Fertighecken<\/h2>\r\n<p>Weiterlesen\u00a0 <span data-text-bg=\"success\">&gt;<\/span><\/p>\r\n<p><\/a><\/p>\n\t\t\n<style>\n#text-1654856413 {\n  font-size: 0.75rem;\n  text-align: center;\n}\n@media (min-width:550px) {\n  #text-1654856413 {\n    font-size: 0.9rem;\n    text-align: left;\n  }\n}\n<\/style>\n\t<\/div>\n\t\n\n              <\/div>\n           <\/div>\n                            \n<style>\n#text-box-478172283 {\n  width: 69%;\n}\n#text-box-478172283 .text-box-content {\n  font-size: 100%;\n}\n@media (min-width:550px) {\n  #text-box-478172283 {\n    width: 60%;\n  }\n}\n<\/style>\n    <\/div>\n \n\t<div class=\"img has-hover x50 md-x5 lg-x5 y15 md-y50 lg-y50\" id=\"image_1578249460\">\n\t\t\t\t\t\t\t\t<div class=\"img-inner dark\" >\n\t\t\t<img loading=\"lazy\" decoding=\"async\" width=\"1\" height=\"1\" src=\"https:\/\/dekuilhedging.nl\/wp-content\/uploads\/2022\/05\/4.svg\" class=\"attachment-large size-large\" alt=\"\" \/>\t\t\t\t\t\t\n\t\t\t\t\t<\/div>\n\t\t\t\t\t\t\t\t\n<style>\n#image_1578249460 {\n  width: 32%;\n}\n@media (min-width:550px) {\n  #image_1578249460 {\n    width: 25%;\n  }\n}\n<\/style>\n\t<\/div>\n\t\n\n\n        <\/div>\n      <\/div>\n\n            \n<style>\n#banner-950022476 {\n  padding-top: 480px;\n  background-color: rgb(255,255,255);\n}\n#banner-950022476 .overlay {\n  background-color: rgba(139, 197, 63, 0.669);\n}\n#banner-950022476 .banner-bg img {\n  object-position: 48% 56%;\n}\n@media (min-width:550px) {\n  #banner-950022476 {\n    padding-top: 420px;\n  }\n}\n<\/style>\n  <\/div>\n\n\n\n\t\t<\/div>\n\t\t\t\t\t<\/div>\n\n\t\n\n\t<div id=\"col-1073950184\" class=\"col medium-11 small-12 large-5\"  >\n\t\t\t\t<div class=\"col-inner\"  >\n\t\t\t\n\t\t\t\n\n\n  <div class=\"banner has-hover\" id=\"banner-593584034\">\n          <div class=\"banner-inner fill\">\n        <div class=\"banner-bg fill\" >\n            <img loading=\"lazy\" decoding=\"async\" width=\"1082\" height=\"840\" src=\"https:\/\/dekuilhedging.nl\/wp-content\/uploads\/2022\/09\/Solitairen.jpg\" class=\"bg attachment-original size-original\" alt=\"\" \/>                        <div class=\"overlay\"><\/div>            \n                    <\/div>\n\t\t\n        <div class=\"banner-layers container\">\n            <a class=\"fill\" href=\"https:\/\/dekuilhedging.nl\/de\/sortiment\/solitaerpflanzen\/\"><div class=\"fill banner-link\"><\/div><\/a>            \n\n   <div id=\"text-box-2082148121\" class=\"text-box banner-layer x50 md-x95 lg-x95 y95 md-y50 lg-y50 res-text\">\n                                <div class=\"text-box-content text dark\">\n              \n              <div class=\"text-inner text-left\">\n                  \n\n\t<div id=\"text-2636443186\" class=\"text\">\n\t\t\n\n<p><a href=\"https:\/\/dekuilhedging.nl\/de\/sortiment\/solitaerpflanzen\/\"><\/p>\r\n<h2>Solit\u00e4rpflanzen<\/h2>\r\n<p>Weiterlesen\u00a0 <span data-text-bg=\"success\">&gt;<\/span><\/p>\r\n<p><\/a><\/p>\n\t\t\n<style>\n#text-2636443186 {\n  font-size: 0.75rem;\n  text-align: center;\n}\n@media (min-width:550px) {\n  #text-2636443186 {\n    font-size: 0.9rem;\n    text-align: left;\n  }\n}\n<\/style>\n\t<\/div>\n\t\n\n              <\/div>\n           <\/div>\n                            \n<style>\n#text-box-2082148121 {\n  width: 69%;\n}\n#text-box-2082148121 .text-box-content {\n  font-size: 100%;\n}\n@media (min-width:550px) {\n  #text-box-2082148121 {\n    width: 60%;\n  }\n}\n<\/style>\n    <\/div>\n \n\t<div class=\"img has-hover x50 md-x10 lg-x10 y15 md-y50 lg-y50\" id=\"image_1948879101\">\n\t\t\t\t\t\t\t\t<div class=\"img-inner dark\" >\n\t\t\t<img loading=\"lazy\" decoding=\"async\" width=\"1\" height=\"1\" src=\"https:\/\/dekuilhedging.nl\/wp-content\/uploads\/2022\/05\/3.svg\" class=\"attachment-large size-large\" alt=\"\" \/>\t\t\t\t\t\t\n\t\t\t\t\t<\/div>\n\t\t\t\t\t\t\t\t\n<style>\n#image_1948879101 {\n  width: 29%;\n}\n@media (min-width:550px) {\n  #image_1948879101 {\n    width: 21%;\n  }\n}\n<\/style>\n\t<\/div>\n\t\n\n\n        <\/div>\n      <\/div>\n\n            \n<style>\n#banner-593584034 {\n  padding-top: 480px;\n  background-color: rgb(255,255,255);\n}\n#banner-593584034 .overlay {\n  background-color: rgba(139, 197, 63, 0.669);\n}\n#banner-593584034 .banner-bg img {\n  object-position: 48% 56%;\n}\n@media (min-width:550px) {\n  #banner-593584034 {\n    padding-top: 420px;\n  }\n}\n<\/style>\n  <\/div>\n\n\n\n\t\t<\/div>\n\t\t\t\t\t<\/div>\n\n\t\n\n\t<div id=\"col-683864157\" class=\"col medium-11 small-12 large-5\"  >\n\t\t\t\t<div class=\"col-inner text-center\"  >\n\t\t\t\n\t\t\t\n\n\t<div id=\"gap-1798869408\" class=\"gap-element clearfix\" style=\"display:block; height:auto;\">\n\t\t\n<style>\n#gap-1798869408 {\n  padding-top: 30px;\n}\n<\/style>\n\t<\/div>\n\t\n\n<a href=\"https:\/\/dekuilhedging.nl\/de\/sortiment\/sortimentsliste\/\" class=\"button primary\" >\n\t\t<span>Sortimentsliste<\/span>\n\t<\/a>\n\n\n\n\t\t<\/div>\n\t\t\t\t\t<\/div>\n\n\t\n\n<\/div>\n\n\t\t<\/div>\n\n\t\t\n<style>\n#section_106535446 {\n  padding-top: 0px;\n  padding-bottom: 0px;\n  background-color: rgba(255, 255, 255, 0.093);\n}\n#section_106535446 .section-bg-overlay {\n  background-color: rgba(255, 255, 255, 0.913);\n}\n#section_106535446 .section-bg img {\n  object-position: 60% 67%;\n}\n<\/style>\n\t<\/section>\n\t\n\t<div id=\"gap-394553531\" class=\"gap-element clearfix\" style=\"display:block; height:auto;\">\n\t\t\n<style>\n#gap-394553531 {\n  padding-top: 100px;\n}\n<\/style>\n\t<\/div>\n\t\n","protected":false},"excerpt":{"rendered":"","protected":false},"author":1,"featured_media":0,"parent":0,"menu_order":0,"comment_status":"closed","ping_status":"closed","template":"page-blank.php","meta":{"footnotes":""},"class_list":["post-692","page","type-page","status-publish","hentry"],"_links":{"self":[{"href":"https:\/\/dekuilhedging.nl\/de\/wp-json\/wp\/v2\/pages\/692","targetHints":{"allow":["GET"]}}],"collection":[{"href":"https:\/\/dekuilhedging.nl\/de\/wp-json\/wp\/v2\/pages"}],"about":[{"href":"https:\/\/dekuilhedging.nl\/de\/wp-json\/wp\/v2\/types\/page"}],"author":[{"embeddable":true,"href":"https:\/\/dekuilhedging.nl\/de\/wp-json\/wp\/v2\/users\/1"}],"replies":[{"embeddable":true,"href":"https:\/\/dekuilhedging.nl\/de\/wp-json\/wp\/v2\/comments?post=692"}],"version-history":[{"count":3,"href":"https:\/\/dekuilhedging.nl\/de\/wp-json\/wp\/v2\/pages\/692\/revisions"}],"predecessor-version":[{"id":835,"href":"https:\/\/dekuilhedging.nl\/de\/wp-json\/wp\/v2\/pages\/692\/revisions\/835"}],"wp:attachment":[{"href":"https:\/\/dekuilhedging.nl\/de\/wp-json\/wp\/v2\/media?parent=692"}],"curies":[{"name":"wp","href":"https:\/\/api.w.org\/{rel}","templated":true}]}}