{"id":724,"date":"2022-04-15T10:44:06","date_gmt":"2022-04-15T10:44:06","guid":{"rendered":"https:\/\/dekuilhedging.nl\/over-de-kuil\/"},"modified":"2022-11-09T10:56:47","modified_gmt":"2022-11-09T10:56:47","slug":"ueber-de-kuil-hedging","status":"publish","type":"page","link":"https:\/\/dekuilhedging.nl\/de\/ueber-de-kuil-hedging\/","title":{"rendered":"\u00dcber De Kuil Hedging"},"content":{"rendered":"\n\t<section class=\"section\" id=\"section_567888226\">\n\t\t<div class=\"section-bg fill\" >\n\t\t\t<img loading=\"lazy\" decoding=\"async\" width=\"1920\" height=\"1275\" src=\"https:\/\/dekuilhedging.nl\/wp-content\/uploads\/2022\/09\/01_DSC2476.jpg\" class=\"bg attachment-original size-original\" alt=\"\" \/>\t\t\t\t\t\t<div class=\"section-bg-overlay absolute fill\"><\/div>\n\t\t\t\n\n\t\t<\/div>\n\n\t\t\n\n\t\t<div class=\"section-content relative\">\n\t\t\t\n\t<div id=\"text-3256485545\" class=\"text\">\n\t\t\n<h1>\u00dcber De Kuil Hedging<\/h1>\n\t\t\n<style>\n#text-3256485545 {\n  font-size: 2rem;\n  text-align: center;\n  color: rgb(255, 255, 255);\n}\n#text-3256485545 > * {\n  color: rgb(255, 255, 255);\n}\n<\/style>\n\t<\/div>\n\t\n\t\t<\/div>\n\n\t\t\n<style>\n#section_567888226 {\n  padding-top: 30px;\n  padding-bottom: 30px;\n  min-height: 450px;\n}\n#section_567888226 .section-bg-overlay {\n  background-color: rgba(139, 197, 63, 0.5);\n}\n<\/style>\n\t<\/section>\n\t\n\n\t<section class=\"section\" id=\"section_2100488814\">\n\t\t<div class=\"section-bg fill\" >\n\t\t\t\t\t\t\t\t\t\n\t\t\t\n\n\t\t<\/div>\n\n\t\t\n\n\t\t<div class=\"section-content relative\">\n\t\t\t\n\t<div id=\"gap-211719290\" class=\"gap-element clearfix\" style=\"display:block; height:auto;\">\n\t\t\n<style>\n#gap-211719290 {\n  padding-top: 30px;\n}\n<\/style>\n\t<\/div>\n\t\n<div class=\"row\"  id=\"row-1389900002\">\n\n\t<div id=\"col-1075770841\" class=\"col medium-2 small-12 large-2\"  >\n\t\t\t\t<div class=\"col-inner\"  >\n\t\t\t\n\t\t\t\n\t\t<\/div>\n\t\t\t\t\t<\/div>\n\n\t\n\n\t<div id=\"col-1318605949\" class=\"col medium-8 small-12 large-8\"  >\n\t\t\t\t<div class=\"col-inner\"  >\n\t\t\t\n\t\t\t\n\t<div id=\"text-1355365825\" class=\"text\">\n\t\t\n<p>De Kuil Hedging wurde 1985 gegr\u00fcndet und ist seitdem zu einem 60 Hektar gro\u00dfen Betrieb gewachsen. Das Unternehmen liefert an eine Vielzahl gesch\u00e4ftlicher Kunden in ganz Europa. Mit Stolz kann De Kuil Hedging sagen, dass das Unternehmen einer der gr\u00f6\u00dften Z\u00fcchter immergr\u00fcner und sommergr\u00fcner Heckenpflanzen in den Niederlanden ist.<\/p>\n\t\t\n<style>\n#text-1355365825 {\n  text-align: center;\n}\n<\/style>\n\t<\/div>\n\t\n\t\t<\/div>\n\t\t\t\t\t<\/div>\n\n\t\n\n\t<div id=\"col-1135866445\" class=\"col medium-2 small-12 large-2\"  >\n\t\t\t\t<div class=\"col-inner\"  >\n\t\t\t\n\t\t\t\n\t\t<\/div>\n\t\t\t\t\t<\/div>\n\n\t\n<\/div>\n\t\t<\/div>\n\n\t\t\n<style>\n#section_2100488814 {\n  padding-top: 60px;\n  padding-bottom: 60px;\n}\n<\/style>\n\t<\/section>\n\t\n\n\t<section class=\"section\" id=\"section_834369955\">\n\t\t<div class=\"section-bg fill\" >\n\t\t\t\t\t\t\t\t\t\n\t\t\t\n\n\t\t<\/div>\n\n\t\t\n\n\t\t<div class=\"section-content relative\">\n\t\t\t\n\t<div id=\"gap-943540521\" class=\"gap-element clearfix\" style=\"display:block; height:auto;\">\n\t\t\n<style>\n#gap-943540521 {\n  padding-top: 30px;\n}\n<\/style>\n\t<\/div>\n\t\n<div class=\"row align-middle align-center\"  id=\"row-831378616\">\n\n\t<div id=\"col-2048414615\" class=\"col medium-5 small-12 large-5\"  >\n\t\t\t\t<div class=\"col-inner\"  >\n\t\t\t\n\t\t\t\n\t<div class=\"img has-hover x md-x lg-x y md-y lg-y\" id=\"image_891793047\">\n\t\t\t\t\t\t\t\t<div class=\"img-inner dark\" >\n\t\t\t<img loading=\"lazy\" decoding=\"async\" width=\"1020\" height=\"677\" src=\"https:\/\/dekuilhedging.nl\/wp-content\/uploads\/2022\/09\/02_DSC2488-1024x680.jpg\" class=\"attachment-large size-large\" alt=\"\" srcset=\"https:\/\/dekuilhedging.nl\/wp-content\/uploads\/2022\/09\/02_DSC2488-1024x680.jpg 1024w, https:\/\/dekuilhedging.nl\/wp-content\/uploads\/2022\/09\/02_DSC2488-600x398.jpg 600w, https:\/\/dekuilhedging.nl\/wp-content\/uploads\/2022\/09\/02_DSC2488-768x510.jpg 768w, https:\/\/dekuilhedging.nl\/wp-content\/uploads\/2022\/09\/02_DSC2488-1536x1020.jpg 1536w, https:\/\/dekuilhedging.nl\/wp-content\/uploads\/2022\/09\/02_DSC2488-300x199.jpg 300w, https:\/\/dekuilhedging.nl\/wp-content\/uploads\/2022\/09\/02_DSC2488.jpg 1920w\" sizes=\"auto, (max-width: 1020px) 100vw, 1020px\" \/>\t\t\t\t\t\t\n\t\t\t\t\t<\/div>\n\t\t\t\t\t\t\t\t\n<style>\n#image_891793047 {\n  width: 100%;\n}\n<\/style>\n\t<\/div>\n\t\n\t\t<\/div>\n\t\t\t\t\t<\/div>\n\n\t\n\n\t<div id=\"col-871685686\" class=\"col medium-6 small-12 large-6\"  >\n\t\t\t\t<div class=\"col-inner\"  >\n\t\t\t\n\t\t\t\n<h2>Zuh\u00f6ren<\/h2>\n<p>Qualit\u00e4t, Innovation und eine langfristige Beziehung mit unseren Kunden &#8211; daf\u00fcr stehen wir und danach streben wir. Das bedeutet, dass wir unseren Kunden genau zuh\u00f6ren, um ihnen den bestm\u00f6glichen Service zu bieten.<\/p>\n<p>Themen wie Nachhaltigkeit, soziale Verantwortung, Mitarbeiterentwicklung und das gesunde Wachstum unseres Unternehmens sind uns sehr wichtig. Wir lernen jeden Tag dazu und streben danach, unseren Kunden und vor allem auch unseren Mitarbeitern Sicherheit zu bieten.<\/p>\n\t\t<\/div>\n\t\t\t\t\t<\/div>\n\n\t\n\n<style>\n#row-831378616 > .col > .col-inner {\n  padding: 0px 0px 60px 0px;\n}\n<\/style>\n<\/div>\n<div class=\"row align-middle align-center\"  id=\"row-1053679870\">\n\n\t<div id=\"col-469927628\" class=\"col medium-6 small-12 large-6\"  >\n\t\t\t\t<div class=\"col-inner\"  >\n\t\t\t\n\t\t\t\n<h2>Unsere mitarbeiter<\/h2>\n<p>Dass wir uns zu einem gro\u00dfen Spieler im Markt entwickelt haben, liegt nicht daran, dass unsere Pflanzen viel Platz zum Wachsen und fachkundigen Pflege erhalten. Unsere Mitarbeiter, die gerne bei uns arbeiten, sind uns sehr wichtig. Einige k\u00fcmmern sich um unsere Str\u00e4ucher, andere pflegen den Kontakt mit unserem Kunden und beantworten all ihre Fragen. Unsere technischen Mitarbeiter haben innovative Maschinen entwickelt und gebaut, wodurch uns unsere Arbeit einfacher und schneller von der Hand geht.<\/p>\n<p>Es ist uns wichtig, im st\u00e4ndigen Austausch mit unseren Mitarbeiten zu sein und sie das tun zu lassen, worin sie gut sind. Bei uns bekommen alle die Chance, ihre Talente und Qualit\u00e4ten zu entdecken und zu entwickeln. Gemeinsam sind wir f\u00fcr unseren Betrieb verantwortlich. Wir haben gemerkt, dass alle gerne diese Verantwortung \u00fcbernehmen und mit Vergn\u00fcgen bei uns arbeiten. Und darauf sind wir stolz!\u00a0<\/p>\n\t\t<\/div>\n\t\t\t\t\t<\/div>\n\n\t\n\n\t<div id=\"col-208804858\" class=\"col medium-5 small-12 large-5\"  >\n\t\t\t\t<div class=\"col-inner\"  >\n\t\t\t\n\t\t\t\n\t<div class=\"img has-hover x md-x lg-x y md-y lg-y\" id=\"image_908895072\">\n\t\t\t\t\t\t\t\t<div class=\"img-inner dark\" >\n\t\t\t<img loading=\"lazy\" decoding=\"async\" width=\"1020\" height=\"677\" src=\"https:\/\/dekuilhedging.nl\/wp-content\/uploads\/2022\/09\/03_DSC2371-bew-1024x680.jpg\" class=\"attachment-large size-large\" alt=\"\" srcset=\"https:\/\/dekuilhedging.nl\/wp-content\/uploads\/2022\/09\/03_DSC2371-bew-1024x680.jpg 1024w, https:\/\/dekuilhedging.nl\/wp-content\/uploads\/2022\/09\/03_DSC2371-bew-600x398.jpg 600w, https:\/\/dekuilhedging.nl\/wp-content\/uploads\/2022\/09\/03_DSC2371-bew-768x510.jpg 768w, https:\/\/dekuilhedging.nl\/wp-content\/uploads\/2022\/09\/03_DSC2371-bew-1536x1020.jpg 1536w, https:\/\/dekuilhedging.nl\/wp-content\/uploads\/2022\/09\/03_DSC2371-bew-300x199.jpg 300w, https:\/\/dekuilhedging.nl\/wp-content\/uploads\/2022\/09\/03_DSC2371-bew.jpg 1920w\" sizes=\"auto, (max-width: 1020px) 100vw, 1020px\" \/>\t\t\t\t\t\t\n\t\t\t\t\t<\/div>\n\t\t\t\t\t\t\t\t\n<style>\n#image_908895072 {\n  width: 100%;\n}\n<\/style>\n\t<\/div>\n\t\n\t\t<\/div>\n\t\t\t\t\t<\/div>\n\n\t\n\n<style>\n#row-1053679870 > .col > .col-inner {\n  padding: 0px 0px 60px 0px;\n}\n<\/style>\n<\/div>\n<div class=\"row align-middle align-center\"  id=\"row-187340934\">\n\n\t<div id=\"col-254055003\" class=\"col medium-5 small-12 large-5\"  >\n\t\t\t\t<div class=\"col-inner\"  >\n\t\t\t\n\t\t\t\n\t<div class=\"img has-hover x md-x lg-x y md-y lg-y\" id=\"image_1222663218\">\n\t\t\t\t\t\t\t\t<div class=\"img-inner dark\" >\n\t\t\t<img loading=\"lazy\" decoding=\"async\" width=\"1020\" height=\"677\" src=\"https:\/\/dekuilhedging.nl\/wp-content\/uploads\/2022\/09\/05_DSC2463-bew-1024x680.jpg\" class=\"attachment-large size-large\" alt=\"\" srcset=\"https:\/\/dekuilhedging.nl\/wp-content\/uploads\/2022\/09\/05_DSC2463-bew-1024x680.jpg 1024w, https:\/\/dekuilhedging.nl\/wp-content\/uploads\/2022\/09\/05_DSC2463-bew-600x398.jpg 600w, https:\/\/dekuilhedging.nl\/wp-content\/uploads\/2022\/09\/05_DSC2463-bew-768x510.jpg 768w, https:\/\/dekuilhedging.nl\/wp-content\/uploads\/2022\/09\/05_DSC2463-bew-1536x1020.jpg 1536w, https:\/\/dekuilhedging.nl\/wp-content\/uploads\/2022\/09\/05_DSC2463-bew-300x199.jpg 300w, https:\/\/dekuilhedging.nl\/wp-content\/uploads\/2022\/09\/05_DSC2463-bew.jpg 1920w\" sizes=\"auto, (max-width: 1020px) 100vw, 1020px\" \/>\t\t\t\t\t\t\n\t\t\t\t\t<\/div>\n\t\t\t\t\t\t\t\t\n<style>\n#image_1222663218 {\n  width: 100%;\n}\n<\/style>\n\t<\/div>\n\t\n\t\t<\/div>\n\t\t\t\t\t<\/div>\n\n\t\n\n\t<div id=\"col-1628777852\" class=\"col medium-6 small-12 large-6\"  >\n\t\t\t\t<div class=\"col-inner\"  >\n\t\t\t\n\t\t\t\n<h2>Qualit\u00e4t und angebot<\/h2>\n<p>Wir stehen f\u00fcr Qualit\u00e4t. Deswegen entwickeln wir unser Angebot st\u00e4ndig weiter und bekommen unsere Pflanzen viel pers\u00f6nliche Zuwendung. Der Einsatz unserer spezialisierten Maschinen sorgt f\u00fcr eine besonders schonende Behandlung und ein einheitliches Aussehen. Unsere Pflanzen wachsen unter den bestm\u00f6glichen Bedingungen heran. Das Ergebnis? Gesund und starke Pflanzen, die schnell wachsen und ihre Umgebung versch\u00f6nern.<\/p>\n<p>Wir k\u00f6nnen zu jeder Jahreszeit eine gro\u00dfe Auswahl an Heckenpflanzen anbieten. Wir liefern unsere Str\u00e4ucher sowohl mit Wurzelballen als auch im Topf. Lieber direkt eine sichtgewachsene Hecke? Wir bieten auch Fertighecken an.<\/p>\n\t\t<\/div>\n\t\t\t\t\t<\/div>\n\n\t\n\n<style>\n#row-187340934 > .col > .col-inner {\n  padding: 0px 0px 60px 0px;\n}\n<\/style>\n<\/div>\n\t\t<\/div>\n\n\t\t\n<style>\n#section_834369955 {\n  padding-top: 60px;\n  padding-bottom: 60px;\n  background-color: rgb(246, 246, 246);\n}\n<\/style>\n\t<\/section>\n\t\n\n\t<section class=\"section\" id=\"section_532130877\">\n\t\t<div class=\"section-bg fill\" >\n\t\t\t\t\t\t\t\t\t\n\t\t\t\n\n\t\t<\/div>\n\n\t\t\n\n\t\t<div class=\"section-content relative\">\n\t\t\t\n<div class=\"row\"  id=\"row-177891692\">\n\n\t<div id=\"col-1437908581\" class=\"col small-12 large-12\"  >\n\t\t\t\t<div class=\"col-inner\"  >\n\t\t\t\n\t\t\t\n\n  \n    <div class=\"row large-columns-4 medium-columns-3 small-columns-2\" >\n  <div class=\"gallery-col col\" data-animate=\"fadeInUp\">\n          <div class=\"col-inner\">\n            <a class=\"image-lightbox lightbox-gallery\" href=\"https:\/\/dekuilhedging.nl\/wp-content\/uploads\/2022\/09\/HashtagMedia_01_DSC2476-1024x680.jpg\" title=\"\">            <div class=\"box has-hover gallery-box box-overlay dark\">\n              <div class=\"box-image image-overlay-add image-cover\" style=\"padding-top:100%;\">\n                <img loading=\"lazy\" decoding=\"async\" width=\"600\" height=\"398\" src=\"https:\/\/dekuilhedging.nl\/wp-content\/uploads\/2022\/09\/HashtagMedia_01_DSC2476-600x398.jpg\" class=\"attachment-medium size-medium\" alt=\"\" ids=\"581,587,584,590\" animate=\"fadeInUp\" image_height=\"100%\" image_overlay=\"rgba(139, 197, 63, 0.5)\" image_hover=\"overlay-add\" srcset=\"https:\/\/dekuilhedging.nl\/wp-content\/uploads\/2022\/09\/HashtagMedia_01_DSC2476-600x398.jpg 600w, https:\/\/dekuilhedging.nl\/wp-content\/uploads\/2022\/09\/HashtagMedia_01_DSC2476-1024x680.jpg 1024w, https:\/\/dekuilhedging.nl\/wp-content\/uploads\/2022\/09\/HashtagMedia_01_DSC2476-768x510.jpg 768w, https:\/\/dekuilhedging.nl\/wp-content\/uploads\/2022\/09\/HashtagMedia_01_DSC2476-1536x1020.jpg 1536w, https:\/\/dekuilhedging.nl\/wp-content\/uploads\/2022\/09\/HashtagMedia_01_DSC2476-300x199.jpg 300w, https:\/\/dekuilhedging.nl\/wp-content\/uploads\/2022\/09\/HashtagMedia_01_DSC2476.jpg 1920w\" sizes=\"auto, (max-width: 600px) 100vw, 600px\" \/>                                  <div class=\"overlay fill\"\n                      style=\"background-color: rgba(139, 197, 63, 0.5)\">\n                  <\/div>\n                                                              <\/div>\n              <div class=\"box-text text-left\" >\n                 <p><\/p>\n              <\/div>\n            <\/div>\n            <\/a>          <\/div>\n         <\/div><div class=\"gallery-col col\" data-animate=\"fadeInUp\">\n          <div class=\"col-inner\">\n            <a class=\"image-lightbox lightbox-gallery\" href=\"https:\/\/dekuilhedging.nl\/wp-content\/uploads\/2022\/09\/HashtagMedia_06_DSC2393-1024x680.jpg\" title=\"\">            <div class=\"box has-hover gallery-box box-overlay dark\">\n              <div class=\"box-image image-overlay-add image-cover\" style=\"padding-top:100%;\">\n                <img loading=\"lazy\" decoding=\"async\" width=\"600\" height=\"398\" src=\"https:\/\/dekuilhedging.nl\/wp-content\/uploads\/2022\/09\/HashtagMedia_06_DSC2393-600x398.jpg\" class=\"attachment-medium size-medium\" alt=\"\" ids=\"581,587,584,590\" animate=\"fadeInUp\" image_height=\"100%\" image_overlay=\"rgba(139, 197, 63, 0.5)\" image_hover=\"overlay-add\" srcset=\"https:\/\/dekuilhedging.nl\/wp-content\/uploads\/2022\/09\/HashtagMedia_06_DSC2393-600x398.jpg 600w, https:\/\/dekuilhedging.nl\/wp-content\/uploads\/2022\/09\/HashtagMedia_06_DSC2393-1024x680.jpg 1024w, https:\/\/dekuilhedging.nl\/wp-content\/uploads\/2022\/09\/HashtagMedia_06_DSC2393-768x510.jpg 768w, https:\/\/dekuilhedging.nl\/wp-content\/uploads\/2022\/09\/HashtagMedia_06_DSC2393-1536x1020.jpg 1536w, https:\/\/dekuilhedging.nl\/wp-content\/uploads\/2022\/09\/HashtagMedia_06_DSC2393-300x199.jpg 300w, https:\/\/dekuilhedging.nl\/wp-content\/uploads\/2022\/09\/HashtagMedia_06_DSC2393.jpg 1920w\" sizes=\"auto, (max-width: 600px) 100vw, 600px\" \/>                                  <div class=\"overlay fill\"\n                      style=\"background-color: rgba(139, 197, 63, 0.5)\">\n                  <\/div>\n                                                              <\/div>\n              <div class=\"box-text text-left\" >\n                 <p><\/p>\n              <\/div>\n            <\/div>\n            <\/a>          <\/div>\n         <\/div><div class=\"gallery-col col\" data-animate=\"fadeInUp\">\n          <div class=\"col-inner\">\n            <a class=\"image-lightbox lightbox-gallery\" href=\"https:\/\/dekuilhedging.nl\/wp-content\/uploads\/2022\/09\/HashtagMedia_04_DSC2500-1024x680.jpg\" title=\"\">            <div class=\"box has-hover gallery-box box-overlay dark\">\n              <div class=\"box-image image-overlay-add image-cover\" style=\"padding-top:100%;\">\n                <img loading=\"lazy\" decoding=\"async\" width=\"600\" height=\"398\" src=\"https:\/\/dekuilhedging.nl\/wp-content\/uploads\/2022\/09\/HashtagMedia_04_DSC2500-600x398.jpg\" class=\"attachment-medium size-medium\" alt=\"\" ids=\"581,587,584,590\" animate=\"fadeInUp\" image_height=\"100%\" image_overlay=\"rgba(139, 197, 63, 0.5)\" image_hover=\"overlay-add\" srcset=\"https:\/\/dekuilhedging.nl\/wp-content\/uploads\/2022\/09\/HashtagMedia_04_DSC2500-600x398.jpg 600w, https:\/\/dekuilhedging.nl\/wp-content\/uploads\/2022\/09\/HashtagMedia_04_DSC2500-1024x680.jpg 1024w, https:\/\/dekuilhedging.nl\/wp-content\/uploads\/2022\/09\/HashtagMedia_04_DSC2500-768x510.jpg 768w, https:\/\/dekuilhedging.nl\/wp-content\/uploads\/2022\/09\/HashtagMedia_04_DSC2500-1536x1020.jpg 1536w, https:\/\/dekuilhedging.nl\/wp-content\/uploads\/2022\/09\/HashtagMedia_04_DSC2500-300x199.jpg 300w, https:\/\/dekuilhedging.nl\/wp-content\/uploads\/2022\/09\/HashtagMedia_04_DSC2500.jpg 1920w\" sizes=\"auto, (max-width: 600px) 100vw, 600px\" \/>                                  <div class=\"overlay fill\"\n                      style=\"background-color: rgba(139, 197, 63, 0.5)\">\n                  <\/div>\n                                                              <\/div>\n              <div class=\"box-text text-left\" >\n                 <p><\/p>\n              <\/div>\n            <\/div>\n            <\/a>          <\/div>\n         <\/div><div class=\"gallery-col col\" data-animate=\"fadeInUp\">\n          <div class=\"col-inner\">\n            <a class=\"image-lightbox lightbox-gallery\" href=\"https:\/\/dekuilhedging.nl\/wp-content\/uploads\/2022\/09\/HashtagMedia_07_DSC2590-bew-1024x680.jpg\" title=\"\">            <div class=\"box has-hover gallery-box box-overlay dark\">\n              <div class=\"box-image image-overlay-add image-cover\" style=\"padding-top:100%;\">\n                <img loading=\"lazy\" decoding=\"async\" width=\"600\" height=\"398\" src=\"https:\/\/dekuilhedging.nl\/wp-content\/uploads\/2022\/09\/HashtagMedia_07_DSC2590-bew-600x398.jpg\" class=\"attachment-medium size-medium\" alt=\"\" ids=\"581,587,584,590\" animate=\"fadeInUp\" image_height=\"100%\" image_overlay=\"rgba(139, 197, 63, 0.5)\" image_hover=\"overlay-add\" srcset=\"https:\/\/dekuilhedging.nl\/wp-content\/uploads\/2022\/09\/HashtagMedia_07_DSC2590-bew-600x398.jpg 600w, https:\/\/dekuilhedging.nl\/wp-content\/uploads\/2022\/09\/HashtagMedia_07_DSC2590-bew-1024x680.jpg 1024w, https:\/\/dekuilhedging.nl\/wp-content\/uploads\/2022\/09\/HashtagMedia_07_DSC2590-bew-768x510.jpg 768w, https:\/\/dekuilhedging.nl\/wp-content\/uploads\/2022\/09\/HashtagMedia_07_DSC2590-bew-1536x1020.jpg 1536w, https:\/\/dekuilhedging.nl\/wp-content\/uploads\/2022\/09\/HashtagMedia_07_DSC2590-bew-300x199.jpg 300w, https:\/\/dekuilhedging.nl\/wp-content\/uploads\/2022\/09\/HashtagMedia_07_DSC2590-bew.jpg 1920w\" sizes=\"auto, (max-width: 600px) 100vw, 600px\" \/>                                  <div class=\"overlay fill\"\n                      style=\"background-color: rgba(139, 197, 63, 0.5)\">\n                  <\/div>\n                                                              <\/div>\n              <div class=\"box-text text-left\" >\n                 <p><\/p>\n              <\/div>\n            <\/div>\n            <\/a>          <\/div>\n         <\/div><\/div>\n\t\t<\/div>\n\t\t\t\t\t<\/div>\n\n\t\n\n<style>\n#row-177891692 > .col > .col-inner {\n  padding: 71px 0px 0px 0px;\n}\n<\/style>\n<\/div>\n\t\t<\/div>\n\n\t\t\n<style>\n#section_532130877 {\n  padding-top: 30px;\n  padding-bottom: 30px;\n}\n<\/style>\n\t<\/section>\n\t\n","protected":false},"excerpt":{"rendered":"","protected":false},"author":1,"featured_media":0,"parent":0,"menu_order":0,"comment_status":"closed","ping_status":"closed","template":"page-blank.php","meta":{"footnotes":""},"class_list":["post-724","page","type-page","status-publish","hentry"],"_links":{"self":[{"href":"https:\/\/dekuilhedging.nl\/de\/wp-json\/wp\/v2\/pages\/724","targetHints":{"allow":["GET"]}}],"collection":[{"href":"https:\/\/dekuilhedging.nl\/de\/wp-json\/wp\/v2\/pages"}],"about":[{"href":"https:\/\/dekuilhedging.nl\/de\/wp-json\/wp\/v2\/types\/page"}],"author":[{"embeddable":true,"href":"https:\/\/dekuilhedging.nl\/de\/wp-json\/wp\/v2\/users\/1"}],"replies":[{"embeddable":true,"href":"https:\/\/dekuilhedging.nl\/de\/wp-json\/wp\/v2\/comments?post=724"}],"version-history":[{"count":3,"href":"https:\/\/dekuilhedging.nl\/de\/wp-json\/wp\/v2\/pages\/724\/revisions"}],"predecessor-version":[{"id":868,"href":"https:\/\/dekuilhedging.nl\/de\/wp-json\/wp\/v2\/pages\/724\/revisions\/868"}],"wp:attachment":[{"href":"https:\/\/dekuilhedging.nl\/de\/wp-json\/wp\/v2\/media?parent=724"}],"curies":[{"name":"wp","href":"https:\/\/api.w.org\/{rel}","templated":true}]}}