{"id":728,"date":"2022-10-24T13:33:20","date_gmt":"2022-10-24T13:33:20","guid":{"rendered":"https:\/\/dekuilhedging.nl\/privacy-verklaring\/"},"modified":"2022-11-11T09:18:08","modified_gmt":"2022-11-11T09:18:08","slug":"datenschutz","status":"publish","type":"page","link":"https:\/\/dekuilhedging.nl\/de\/datenschutz\/","title":{"rendered":"Datenschutz"},"content":{"rendered":"<h1>Datenschutz<\/h1>\n<p class=\"p1\">De Kuil Hedging B.V. sowie alle angebundenen Unternehmen, mit Sitz in der Kuil 27A, 5071 RH Udenhout, ist im Rahmen dieser Datenschutzerkl\u00e4rung f\u00fcr die Verarbeitung Ihrer pers\u00f6nlichen Daten verantwortlich.<\/p>\n<p class=\"p1\"><b>Kontakt:<\/b><\/p>\n<p class=\"p1\">www.dekuilheding.nl<\/p>\n<p class=\"p1\">info@dekuil.nl<\/p>\n<p class=\"p1\">+31 (0) 13 511 9711<\/p>\n<h3 class=\"p1\"><span class=\"s1\">Gesammelte personenbezogene Daten<\/span><\/h3>\n<p class=\"p1\">De Kuil Hedging B.V. sammelt und verarbeitet folgende personenbezogene Daten, wenn Sie unsere Dienste in Anspruch nehmen und\/oder Ihre Daten selbst an uns weitergeben:<\/p>\n<p class=\"p1\">&#8211; Vor- und Nachname<\/p>\n<p class=\"p1\">&#8211; Geschlecht<\/p>\n<p class=\"p1\">&#8211; Emailadresse<\/p>\n<p class=\"p1\">&#8211; Daten zum Nutzungsverhalten unserer Webseite<\/p>\n<h3 class=\"p1\"><span class=\"s1\">Besondere und\/oder sensible Daten<\/span><\/h3>\n<p class=\"p1\">Unsere Webseite und unsere Dienstleistungen richten sich nicht an unter 16-j\u00e4hrige. Wir haben dementsprechend nicht die Absicht, ohne Zustimmung eines Erziehungsberichtigten Daten von Webseitennutzern zu sammeln, die j\u00fcnger als 16 Jahre sind. Wir empfehlen Erziehungsberichtigten deswegen, die Onlineaktivit\u00e4ten ihrer Kinder zu betreuen, um zu verhindern, dass personenbezogene Daten von Kindern ohne Zustimmung eines Erziehungsberichtigten gesammelt werden. Wenn Sie vermuten, dass wir \u00fcber Daten Minderj\u00e4hriger verf\u00fcgen, senden Sie uns bitte direkt eine Email an <a href=\"mailto:info@dekuil.nl\"><span class=\"s2\">info@dekuil.nl<\/span><\/a>. Wir l\u00f6schen die Daten dann direkt.<\/p>\n<h3 class=\"p1\"><span class=\"s1\">Weitergabe personenbezogener Daten <\/span><\/h3>\n<p class=\"p1\">De Kuil Hedging B.V. verkauft Ihre Daten nicht an Dritte und gibt Ihre Daten ausschlie\u00dflich weiter, wenn dies f\u00fcr die Erf\u00fcllung einer Vereinbarung mit Ihnen oder dies f\u00fcr die Erf\u00fcllung gesetzlicher Pflichten n\u00f6tig ist.<\/p>\n<h3 class=\"p1\"><span class=\"s1\">Verwendung von Cookies oder \u00e4hnlicher Technologien<\/span><\/h3>\n<p class=\"p1\">Unsere Webseite nutzt ausschlie\u00dflich technische Cookies, die daf\u00fcr sorgen, dass unsere Webseite einwandfrei funktioniert. Au\u00dferdem speichern wir Ihre bevorzugten Einstellungen. Durch die Nutzung dieser Cookies k\u00f6nnen wir unsere Webseite stetig verbessern. Sie k\u00f6nnen Ihren Browser so einstellen, dass keine Cookies gespeichert werden. Au\u00dferdem k\u00f6nnen Sie alle gespeicherten Cookies in den Browsereinstellungen wieder l\u00f6schen.<\/p>\n<h3 class=\"p1\"><span class=\"s1\">Auskunftsrecht<\/span><\/h3>\n<p class=\"p1\">Nach dem Bundesdatenschutzgesetz haben Sie ein Recht auf unentgeltliche Auskunft \u00fcber Ihre gespeicherten Daten sowie ggf. ein Recht auf Berichtigung, Sperrung oder L\u00f6schung dieser Daten. Sie haben das Recht, Ihre personenbezogenen Daten, die Sie uns bereitgestellt haben, in einem strukturierten, g\u00e4ngigen und maschinenlesebaren Format zu erhalten oder die \u00dcbermittlung an einen anderen Verantwortlichen zu verlangen. Au\u00dferdem k\u00f6nnen Sie Ihre Zustimmung zur Datenverarbeitung jederzeit zur\u00fcckziehen.<\/p>\n<p class=\"p1\">Bitte schicken Sie Ihren Antrag zur Einsicht, Berichtigung, Sperrung, L\u00f6schung oder \u00dcbertragung Ihrer Daten oder Ihren R\u00fcckzugs Ihrer Zustimmung zur Datenverarbeitung an <a href=\"mailto:info@dekuil.nl\"><span class=\"s2\">info@dekuil.nl<\/span><\/a>. Um sicherzustellen, dass der Antrag von Ihnen pers\u00f6nlich gestellt wurde, bitten wir Sie, eine Kopie Ihres Personalausweises mitzuschicken. Bitte schw\u00e4rzen Sie zum Schutz Ihrer Privatsph\u00e4re Ihr Passfoto, den maschinenlesbaren Bereich (die Nummer- und Buchstabenfolge im unteren Bereich) und die Ausweisnummer.<\/p>\n<p class=\"p1\">Wir beantworten Ihre Anfrage so schnell wie m\u00f6glich, aber auf jeden Fall innerhalb von 4 Wochen.<\/p>\n<p class=\"p1\">Wir m\u00f6chten Sie au\u00dferdem darauf hinweisen, dass Sie eine Beschwerde bei der nationalen Aufsichtsstelle (Autoriteit Persoonsgegevens) einreichen k\u00f6nnen: <a href=\"https:\/\/autoriteitpersoonsgegevens.nl\/nl\/contact-met-de-autoriteit-persoonsgegevens\/tip-ons\" target=\"_blank\" rel=\"noopener\"><span class=\"s2\">https:\/\/autoriteitpersoonsgegevens.nl\/nl\/contact-met-de-autoriteit-persoonsgegevens\/tip-ons<\/span><\/a><\/p>\n<h3 class=\"p1\"><span class=\"s1\">Wie wir personenbezogene Daten sch\u00fctzen<\/span><\/h3>\n<p class=\"p1\">De Kuil Hedging B.V. nimmt den Schutz Ihrer pers\u00f6nlichen Daten ernst. Deswegen haben wir Ma\u00dfnahmen getroffen, um Missbrauch, unbefugten Zugriff, unerw\u00fcnschte Ver\u00f6ffentlichung und unerlaubte \u00c4nderungen zu verhindern. Wenn Sie den Eindruck haben, dass Ihre Daten nicht gut gesch\u00fctzt sind, oder Hinweise auf Missbrauch der Daten vorliegt, nehmen Sie bitte so schnell wie m\u00f6glich Kontakt mit uns auf. Bitte schicken Sie uns in diesem Fall eine Email an<span class=\"Apple-converted-space\">\u00a0 <\/span><a href=\"mailto:info@dekuil.nl\"><span class=\"s2\">info@dekuil.nl<\/span><\/a>.<\/p>\n","protected":false},"excerpt":{"rendered":"<p>Datenschutz De Kuil Hedging B.V. sowie alle angebundenen Unternehmen, mit Sitz in der Kuil 27A, 5071 RH Udenhout, ist im Rahmen dieser Datenschutzerkl\u00e4rung f\u00fcr die Verarbeitung Ihrer pers\u00f6nlichen Daten verantwortlich. Kontakt: www.dekuilheding.nl info@dekuil.nl +31 (0) 13 511 9711 Gesammelte personenbezogene Daten De Kuil Hedging B.V. sammelt und verarbeitet folgende personenbezogene Daten, wenn Sie unsere Dienste [&#8230;]\n","protected":false},"author":1,"featured_media":0,"parent":0,"menu_order":0,"comment_status":"closed","ping_status":"closed","template":"","meta":{"footnotes":""},"class_list":["post-728","page","type-page","status-publish","hentry"],"_links":{"self":[{"href":"https:\/\/dekuilhedging.nl\/de\/wp-json\/wp\/v2\/pages\/728","targetHints":{"allow":["GET"]}}],"collection":[{"href":"https:\/\/dekuilhedging.nl\/de\/wp-json\/wp\/v2\/pages"}],"about":[{"href":"https:\/\/dekuilhedging.nl\/de\/wp-json\/wp\/v2\/types\/page"}],"author":[{"embeddable":true,"href":"https:\/\/dekuilhedging.nl\/de\/wp-json\/wp\/v2\/users\/1"}],"replies":[{"embeddable":true,"href":"https:\/\/dekuilhedging.nl\/de\/wp-json\/wp\/v2\/comments?post=728"}],"version-history":[{"count":5,"href":"https:\/\/dekuilhedging.nl\/de\/wp-json\/wp\/v2\/pages\/728\/revisions"}],"predecessor-version":[{"id":898,"href":"https:\/\/dekuilhedging.nl\/de\/wp-json\/wp\/v2\/pages\/728\/revisions\/898"}],"wp:attachment":[{"href":"https:\/\/dekuilhedging.nl\/de\/wp-json\/wp\/v2\/media?parent=728"}],"curies":[{"name":"wp","href":"https:\/\/api.w.org\/{rel}","templated":true}]}}