{"id":732,"date":"2022-05-16T06:27:05","date_gmt":"2022-05-16T06:27:05","guid":{"rendered":"https:\/\/dekuilhedging.nl\/projecten\/"},"modified":"2022-11-09T10:58:13","modified_gmt":"2022-11-09T10:58:13","slug":"projekte","status":"publish","type":"page","link":"https:\/\/dekuilhedging.nl\/de\/projekte\/","title":{"rendered":"Projekte"},"content":{"rendered":"\n\t<section class=\"section\" id=\"section_510858413\">\n\t\t<div class=\"section-bg fill\" >\n\t\t\t<img loading=\"lazy\" decoding=\"async\" width=\"1400\" height=\"639\" src=\"https:\/\/dekuilhedging.nl\/wp-content\/uploads\/2022\/09\/Headerfoto-04_8.jpg\" class=\"bg attachment-original size-original\" alt=\"\" \/>\t\t\t\t\t\t<div class=\"section-bg-overlay absolute fill\"><\/div>\n\t\t\t\n\n\t\t<\/div>\n\n\t\t\n\n\t\t<div class=\"section-content relative\">\n\t\t\t\n\t<div id=\"text-4096637653\" class=\"text\">\n\t\t\n<h1>Projekte<\/h1>\n\t\t\n<style>\n#text-4096637653 {\n  font-size: 2rem;\n  text-align: center;\n  color: rgb(255, 255, 255);\n}\n#text-4096637653 > * {\n  color: rgb(255, 255, 255);\n}\n<\/style>\n\t<\/div>\n\t\n\t\t<\/div>\n\n\t\t\n<style>\n#section_510858413 {\n  padding-top: 30px;\n  padding-bottom: 30px;\n  min-height: 450px;\n}\n#section_510858413 .section-bg-overlay {\n  background-color: rgba(139, 197, 63, 0.5);\n}\n<\/style>\n\t<\/section>\n\t\n\n\t<section class=\"section\" id=\"section_1647665467\">\n\t\t<div class=\"section-bg fill\" >\n\t\t\t\t\t\t\t\t\t\n\t\t\t\n\n\t\t<\/div>\n\n\t\t\n\n\t\t<div class=\"section-content relative\">\n\t\t\t\n<div class=\"row align-middle\"  id=\"row-1838101462\">\n\n\t<div id=\"col-1893850624\" class=\"col medium-6 small-12 large-6\"  >\n\t\t\t\t<div class=\"col-inner\"  >\n\t\t\t\n\t\t\t\n<h2>Dumfries House \u2013 East Ayrshire, S\u00fcdwesten von Schottland<\/h2>\n<p>Dumfries House ist eines der sch\u00f6nsten Herrenh\u00e4user Gro\u00dfbritanniens. Das dazugeh\u00f6rende Landgut erstreckt sich \u00fcber 2.000 Hektar. Das Herrenhaus aus dem 18. Jahrhundert beinhaltet eine einzigartige Kollektion gregorianischer M\u00f6bel.<\/p>\n<p>Das Landgut wurde im letzten Jahrzehnt renoviert und restauriert. Unter anderem wurde dazu 2016 der Irrgarten des Dumfries House angelegt. De Kuil Hedging lieferte Taxus f\u00fcr \u2018The Maze\u2019.<\/p>\n<p>Fast 2000 Str\u00e4ucher wurden hierzu gepflanzt. Mit einer H\u00f6he von 2 Metern waren die Str\u00e4ucher bereits so hoch, dass man sich leicht im Labyrinth verirren konnte. Mittlerweile sind die Str\u00e4ucher zu dichten Hecken verwachsen.<\/p>\n<p>Der Irrgarten samt Obelisken und japanischer Pagode war eine Idee von K\u00f6nig Charles III., seinerzeit noch Prinz Charles. Er lie\u00df sich vom Labyrinth auf Landgut Sandringham inspirieren, das er in seiner Jugend h\u00e4ufig besuchte. \u2018The Maze\u2019 wurde von Landschaftsarchitekt Michael Innes entworfen.<\/p>\n<p>Das rund, fast symmetrische Labyrinth ist mehr als eine halbe Meile lang. Seit seiner Er\u00f6ffnung 2016 haben bereits 7.000 Besucher \u2018The Maze\u2019 auf Dumfries House betreten \u2013 und alle wieder sicher hinausgefunden.<\/p>\n<p><a href=\"https:\/\/dumfries-house.org.uk\/attractions\/maze\" target=\"_blank\" rel=\"noopener\">https:\/\/dumfries-house.org.uk\/attractions\/maze<\/a><\/p>\n\t\t<\/div>\n\t\t\t\t\t<\/div>\n\n\t\n\n\t<div id=\"col-165916079\" class=\"col medium-6 small-12 large-6\"  >\n\t\t\t\t<div class=\"col-inner\"  >\n\t\t\t\n\t\t\t\n\n  \n    <div class=\"row large-columns-2 medium-columns- small-columns-\" >\n  <div class=\"gallery-col col\" data-animate=\"fadeInDown\">\n          <div class=\"col-inner\">\n            <a class=\"image-lightbox lightbox-gallery\" href=\"https:\/\/dekuilhedging.nl\/wp-content\/uploads\/2022\/09\/Foto-01_2EE3055C00000578-3337646-image-m-10_1448739045060.jpg\" title=\"Artist&#039;s impression of new maze at Dumfries House - the first new royal maze for 300 years\">            <div class=\"box has-hover gallery-box box-none\">\n              <div class=\"box-image image-overlay-add image-cover\" style=\"padding-top:100%;\">\n                <img loading=\"lazy\" decoding=\"async\" width=\"600\" height=\"437\" src=\"https:\/\/dekuilhedging.nl\/wp-content\/uploads\/2022\/09\/Foto-01_2EE3055C00000578-3337646-image-m-10_1448739045060-600x437.jpg\" class=\"attachment-medium size-medium\" alt=\"\" ids=\"480,483,486,489\" style=\"none\" columns=\"2\" animate=\"fadeInDown\" image_height=\"100%\" image_overlay=\"rgba(139, 197, 63, 0.5)\" image_hover=\"overlay-add\" srcset=\"https:\/\/dekuilhedging.nl\/wp-content\/uploads\/2022\/09\/Foto-01_2EE3055C00000578-3337646-image-m-10_1448739045060-600x437.jpg 600w, https:\/\/dekuilhedging.nl\/wp-content\/uploads\/2022\/09\/Foto-01_2EE3055C00000578-3337646-image-m-10_1448739045060-300x219.jpg 300w, https:\/\/dekuilhedging.nl\/wp-content\/uploads\/2022\/09\/Foto-01_2EE3055C00000578-3337646-image-m-10_1448739045060.jpg 634w\" sizes=\"auto, (max-width: 600px) 100vw, 600px\" \/>                                  <div class=\"overlay fill\"\n                      style=\"background-color: rgba(139, 197, 63, 0.5)\">\n                  <\/div>\n                                                              <\/div>\n              <div class=\"box-text text-left\" >\n                 <p>Artist's impression of new maze at Dumfries House - the first new royal maze for 300 years<\/p>\n              <\/div>\n            <\/div>\n            <\/a>          <\/div>\n         <\/div><div class=\"gallery-col col\" data-animate=\"fadeInDown\">\n          <div class=\"col-inner\">\n            <a class=\"image-lightbox lightbox-gallery\" href=\"https:\/\/dekuilhedging.nl\/wp-content\/uploads\/2022\/09\/Foto-02_5-1024x731.jpg\" title=\"DCIM100GOPROG0010072.\">            <div class=\"box has-hover gallery-box box-none\">\n              <div class=\"box-image image-overlay-add image-cover\" style=\"padding-top:100%;\">\n                <img loading=\"lazy\" decoding=\"async\" width=\"600\" height=\"428\" src=\"https:\/\/dekuilhedging.nl\/wp-content\/uploads\/2022\/09\/Foto-02_5-600x428.jpg\" class=\"attachment-medium size-medium\" alt=\"\" ids=\"480,483,486,489\" style=\"none\" columns=\"2\" animate=\"fadeInDown\" image_height=\"100%\" image_overlay=\"rgba(139, 197, 63, 0.5)\" image_hover=\"overlay-add\" srcset=\"https:\/\/dekuilhedging.nl\/wp-content\/uploads\/2022\/09\/Foto-02_5-600x428.jpg 600w, https:\/\/dekuilhedging.nl\/wp-content\/uploads\/2022\/09\/Foto-02_5-1024x731.jpg 1024w, https:\/\/dekuilhedging.nl\/wp-content\/uploads\/2022\/09\/Foto-02_5-768x548.jpg 768w, https:\/\/dekuilhedging.nl\/wp-content\/uploads\/2022\/09\/Foto-02_5-1536x1097.jpg 1536w, https:\/\/dekuilhedging.nl\/wp-content\/uploads\/2022\/09\/Foto-02_5-300x214.jpg 300w, https:\/\/dekuilhedging.nl\/wp-content\/uploads\/2022\/09\/Foto-02_5.jpg 1920w\" sizes=\"auto, (max-width: 600px) 100vw, 600px\" \/>                                  <div class=\"overlay fill\"\n                      style=\"background-color: rgba(139, 197, 63, 0.5)\">\n                  <\/div>\n                                                              <\/div>\n              <div class=\"box-text text-left\" >\n                 <p>DCIM100GOPROG0010072.<\/p>\n              <\/div>\n            <\/div>\n            <\/a>          <\/div>\n         <\/div><div class=\"gallery-col col\" data-animate=\"fadeInDown\">\n          <div class=\"col-inner\">\n            <a class=\"image-lightbox lightbox-gallery\" href=\"https:\/\/dekuilhedging.nl\/wp-content\/uploads\/2022\/09\/Foto-03_9-1024x576.jpg\" title=\"\">            <div class=\"box has-hover gallery-box box-none\">\n              <div class=\"box-image image-overlay-add image-cover\" style=\"padding-top:100%;\">\n                <img loading=\"lazy\" decoding=\"async\" width=\"600\" height=\"338\" src=\"https:\/\/dekuilhedging.nl\/wp-content\/uploads\/2022\/09\/Foto-03_9-600x338.jpg\" class=\"attachment-medium size-medium\" alt=\"\" ids=\"480,483,486,489\" style=\"none\" columns=\"2\" animate=\"fadeInDown\" image_height=\"100%\" image_overlay=\"rgba(139, 197, 63, 0.5)\" image_hover=\"overlay-add\" srcset=\"https:\/\/dekuilhedging.nl\/wp-content\/uploads\/2022\/09\/Foto-03_9-600x338.jpg 600w, https:\/\/dekuilhedging.nl\/wp-content\/uploads\/2022\/09\/Foto-03_9-1024x576.jpg 1024w, https:\/\/dekuilhedging.nl\/wp-content\/uploads\/2022\/09\/Foto-03_9-768x432.jpg 768w, https:\/\/dekuilhedging.nl\/wp-content\/uploads\/2022\/09\/Foto-03_9-300x169.jpg 300w, https:\/\/dekuilhedging.nl\/wp-content\/uploads\/2022\/09\/Foto-03_9.jpg 1400w\" sizes=\"auto, (max-width: 600px) 100vw, 600px\" \/>                                  <div class=\"overlay fill\"\n                      style=\"background-color: rgba(139, 197, 63, 0.5)\">\n                  <\/div>\n                                                              <\/div>\n              <div class=\"box-text text-left\" >\n                 <p><\/p>\n              <\/div>\n            <\/div>\n            <\/a>          <\/div>\n         <\/div><div class=\"gallery-col col\" data-animate=\"fadeInDown\">\n          <div class=\"col-inner\">\n            <a class=\"image-lightbox lightbox-gallery\" href=\"https:\/\/dekuilhedging.nl\/wp-content\/uploads\/2022\/09\/Foto-04_8-1024x711.jpg\" title=\"\">            <div class=\"box has-hover gallery-box box-none\">\n              <div class=\"box-image image-overlay-add image-cover\" style=\"padding-top:100%;\">\n                <img loading=\"lazy\" decoding=\"async\" width=\"600\" height=\"417\" src=\"https:\/\/dekuilhedging.nl\/wp-content\/uploads\/2022\/09\/Foto-04_8-600x417.jpg\" class=\"attachment-medium size-medium\" alt=\"\" ids=\"480,483,486,489\" style=\"none\" columns=\"2\" animate=\"fadeInDown\" image_height=\"100%\" image_overlay=\"rgba(139, 197, 63, 0.5)\" image_hover=\"overlay-add\" srcset=\"https:\/\/dekuilhedging.nl\/wp-content\/uploads\/2022\/09\/Foto-04_8-600x417.jpg 600w, https:\/\/dekuilhedging.nl\/wp-content\/uploads\/2022\/09\/Foto-04_8-1024x711.jpg 1024w, https:\/\/dekuilhedging.nl\/wp-content\/uploads\/2022\/09\/Foto-04_8-768x533.jpg 768w, https:\/\/dekuilhedging.nl\/wp-content\/uploads\/2022\/09\/Foto-04_8-300x208.jpg 300w, https:\/\/dekuilhedging.nl\/wp-content\/uploads\/2022\/09\/Foto-04_8.jpg 1400w\" sizes=\"auto, (max-width: 600px) 100vw, 600px\" \/>                                  <div class=\"overlay fill\"\n                      style=\"background-color: rgba(139, 197, 63, 0.5)\">\n                  <\/div>\n                                                              <\/div>\n              <div class=\"box-text text-left\" >\n                 <p><\/p>\n              <\/div>\n            <\/div>\n            <\/a>          <\/div>\n         <\/div><\/div>\n\t\t<\/div>\n\t\t\t\t\t<\/div>\n\n\t\n<\/div>\n\t\t<\/div>\n\n\t\t\n<style>\n#section_1647665467 {\n  padding-top: 80px;\n  padding-bottom: 80px;\n  min-height: 0px;\n}\n<\/style>\n\t<\/section>\n\t\n\n\n","protected":false},"excerpt":{"rendered":"","protected":false},"author":1,"featured_media":0,"parent":0,"menu_order":0,"comment_status":"closed","ping_status":"closed","template":"page-blank.php","meta":{"footnotes":""},"class_list":["post-732","page","type-page","status-publish","hentry"],"_links":{"self":[{"href":"https:\/\/dekuilhedging.nl\/de\/wp-json\/wp\/v2\/pages\/732","targetHints":{"allow":["GET"]}}],"collection":[{"href":"https:\/\/dekuilhedging.nl\/de\/wp-json\/wp\/v2\/pages"}],"about":[{"href":"https:\/\/dekuilhedging.nl\/de\/wp-json\/wp\/v2\/types\/page"}],"author":[{"embeddable":true,"href":"https:\/\/dekuilhedging.nl\/de\/wp-json\/wp\/v2\/users\/1"}],"replies":[{"embeddable":true,"href":"https:\/\/dekuilhedging.nl\/de\/wp-json\/wp\/v2\/comments?post=732"}],"version-history":[{"count":3,"href":"https:\/\/dekuilhedging.nl\/de\/wp-json\/wp\/v2\/pages\/732\/revisions"}],"predecessor-version":[{"id":869,"href":"https:\/\/dekuilhedging.nl\/de\/wp-json\/wp\/v2\/pages\/732\/revisions\/869"}],"wp:attachment":[{"href":"https:\/\/dekuilhedging.nl\/de\/wp-json\/wp\/v2\/media?parent=732"}],"curies":[{"name":"wp","href":"https:\/\/api.w.org\/{rel}","templated":true}]}}